{"id":20874,"date":"2025-01-20T09:40:44","date_gmt":"2025-01-20T08:40:44","guid":{"rendered":"https:\/\/elaia-test.geek-tonic.dev\/camping-concarneau-bord-de-mer\/"},"modified":"2025-03-07T13:39:46","modified_gmt":"2025-03-07T12:39:46","slug":"campingplatz-concarneau-am-meer","status":"publish","type":"page","link":"https:\/\/elaia-test.geek-tonic.dev\/de\/campingplatz-concarneau-am-meer\/","title":{"rendered":"Campingplatz Concarneau am Meer"},"content":{"rendered":"\n<section class=\"wp-block-group home-intro page-one has-custom-color-2-background-color has-background is-layout-flow wp-block-group-is-layout-flow\" style=\"padding-top:var(--wp--preset--spacing--40);padding-bottom:var(--wp--preset--spacing--30)\">\n<div class=\"wp-block-columns is-layout-flex wp-container-core-columns-is-layout-b0eedf20 wp-block-columns-is-layout-flex\" style=\"margin-top:1rem;margin-bottom:0\">\n<div class=\"wp-block-column is-layout-flow wp-block-column-is-layout-flow\" style=\"padding-right:2rem;padding-left:2rem;flex-basis:60%\">\n<div class=\"wp-block-group gt-no-padding-mobile is-layout-flow wp-block-group-is-layout-flow\" style=\"padding-right:10rem;padding-left:15rem\">\n<h1 class=\"wp-block-heading\">Campingplatz Concarneau <strong>am Meer<\/strong><\/h1>\n\n\n\n<h2 class=\"wp-block-heading\" style=\"padding-top:var(--wp--preset--spacing--30);text-transform:uppercase\"><strong>Direkter Zugang zum Strand<\/strong> von Ihrem <br\/>Campingplatz Concarneau am Meer<\/h2>\n\n\n\n<p>Der <strong>Campingplatz Le Cabellou Plage<\/strong> ist ein <a href=\"https:\/\/elaia-test.geek-tonic.dev\/de\/camping-am-meer-bretagne\/\">Campingplatz in Concarneau direkt am Meer<\/a>, ideal gelegen an der <strong>Pointe du Cabellou<\/strong>.<\/p>\n\n\n\n<p>Sie haben <strong>direkten Zugang zum Strand von La Belle \u00e9toile<\/strong> mit seinem kleinen Hafen und Blick auf die <a href=\"https:\/\/elaia-test.geek-tonic.dev\/de\/concarneau-tourismus\/\">Ville Close von Concarneau<\/a>.<\/p>\n\n\n\n<p>Rund um den Campingplatz gibt es zahlreiche Str\u00e4nde, die Sie nach Lust und Laune nutzen k\u00f6nnen. Die <a href=\"https:\/\/elaia-test.geek-tonic.dev\/de\/willkommen-auf-dem-blog-von-le-cabellou-plage\/concarneau-de\/les-plages-de-concarneau\/\">wei\u00dfen Sandstr\u00e4nde<\/a> und Buchten mit <strong>glasklarem Wasser<\/strong> werden Sie bei Ihren Spazierg\u00e4ngen begeistern. <\/p>\n\n\n\n<h2 class=\"wp-block-heading\" style=\"padding-top:var(--wp--preset--spacing--30);text-transform:uppercase\"><strong>Wassersport<\/strong> <br\/>auf dem Campingplatz Concarneau am Meer<\/h2>\n\n\n\n<p>Damit Sie<strong> Ihren Campingurlaub in Concarneau am Meer in<\/strong> vollen Z\u00fcgen genie\u00dfen k\u00f6nnen, k\u00f6nnen Sie an der Rezeption <strong>Kajaks und Stand-up-Paddles mieten<\/strong>.<\/p>\n\n\n\n<p>Sie starten direkt vom <strong>Strand Belle Etoile<\/strong> in der Bucht von Kersaux zu einem selbst\u00e4ndigen <strong>Ausflug auf dem Meer<\/strong>.<\/p>\n\n\n\n<p>Wenn Sie diese Praxis f\u00fcr eine Stunde kennen lernen oder die K\u00fcste erkunden m\u00f6chten, ist dies ein neues Abenteuer f\u00fcr Ihren Urlaub.<\/p>\n<\/div>\n<\/div>\n\n\n\n<div class=\"wp-block-column animated fadeIn delay-100ms slow is-layout-flow wp-block-column-is-layout-flow\" style=\"padding-top:0em;flex-basis:40%\">\n<div data-swiper=\"{&quot;speed&quot;:400,&quot;spaceBetween&quot;:16,&quot;slidesPerView&quot;:1,&quot;createElements&quot;:true,&quot;loop&quot;:true,&quot;freemode&quot;:true,&quot;pagination&quot;:{&quot;el&quot;:&quot;.swiper-pagination&quot;,&quot;dynamicBullets&quot;:false},&quot;breakpoints&quot;:{&quot;0&quot;:{&quot;slidesPerView&quot;:1},&quot;380&quot;:[],&quot;1024&quot;:[]},&quot;navigation&quot;:false,&quot;effect&quot;:&quot;fade&quot;}\" class=\"wp-block-group gt-is-slider gt-is-slider-desktop has-global-padding is-layout-constrained wp-block-group-is-layout-constrained\">\n<figure class=\"wp-block-image size-full\"><img loading=\"lazy\" decoding=\"async\" width=\"686\" height=\"660\" src=\"https:\/\/elaia-test.geek-tonic.dev\/wp-content\/uploads\/2025\/02\/camping-concarneau-bord-de-mer.webp\" alt=\"campingplatz concarneau am meer\" class=\"wp-image-16921\" srcset=\"https:\/\/elaia-test.geek-tonic.dev\/wp-content\/uploads\/2025\/02\/camping-concarneau-bord-de-mer.webp 686w, https:\/\/elaia-test.geek-tonic.dev\/wp-content\/uploads\/2025\/02\/camping-concarneau-bord-de-mer-300x289.webp 300w\" sizes=\"auto, (max-width: 686px) 100vw, 686px\" \/><\/figure>\n\n\n\n<figure class=\"wp-block-image size-full\"><img loading=\"lazy\" decoding=\"async\" width=\"686\" height=\"660\" src=\"https:\/\/elaia-test.geek-tonic.dev\/wp-content\/uploads\/2025\/02\/acces-direct-a-la-plage-depuis-votre-camping-concarneau-en-bord-de-mer.webp\" alt=\"direkter Zugang zum Strand von Ihrem Campingplatz Concarneau am Meer aus\" class=\"wp-image-16929\" srcset=\"https:\/\/elaia-test.geek-tonic.dev\/wp-content\/uploads\/2025\/02\/acces-direct-a-la-plage-depuis-votre-camping-concarneau-en-bord-de-mer.webp 686w, https:\/\/elaia-test.geek-tonic.dev\/wp-content\/uploads\/2025\/02\/acces-direct-a-la-plage-depuis-votre-camping-concarneau-en-bord-de-mer-300x289.webp 300w\" sizes=\"auto, (max-width: 686px) 100vw, 686px\" \/><\/figure>\n\n\n\n<figure class=\"wp-block-image size-full\"><img loading=\"lazy\" decoding=\"async\" width=\"686\" height=\"660\" src=\"https:\/\/elaia-test.geek-tonic.dev\/wp-content\/uploads\/2025\/02\/les-sports-nautiques-en-camping-concarneau-bord-de-mer.webp\" alt=\"Wassersport auf dem Campingplatz concarneau bord de mer\" class=\"wp-image-16933\" srcset=\"https:\/\/elaia-test.geek-tonic.dev\/wp-content\/uploads\/2025\/02\/les-sports-nautiques-en-camping-concarneau-bord-de-mer.webp 686w, https:\/\/elaia-test.geek-tonic.dev\/wp-content\/uploads\/2025\/02\/les-sports-nautiques-en-camping-concarneau-bord-de-mer-300x289.webp 300w\" sizes=\"auto, (max-width: 686px) 100vw, 686px\" \/><\/figure>\n<\/div>\n<\/div>\n<\/div>\n<\/section>\n\n<section class=\"wp-block-group page-fourth has-custom-color-3-background-color has-background is-layout-flow wp-block-group-is-layout-flow\" style=\"margin-top:0;padding-top:var(--wp--preset--spacing--30);padding-bottom:3rem\">\n<div class=\"wp-block-columns is-layout-flex wp-container-core-columns-is-layout-28f84493 wp-block-columns-is-layout-flex\">\n<div class=\"wp-block-column is-layout-flow wp-block-column-is-layout-flow\" style=\"flex-basis:40%\">\n<figure class=\"wp-block-image size-full animated fadeIn delay-100ms slow\"><img loading=\"lazy\" decoding=\"async\" width=\"688\" height=\"639\" src=\"https:\/\/elaia-test.geek-tonic.dev\/wp-content\/uploads\/2025\/02\/le-camping-de-concarneau-en-bord-de-mer-et-sa-cote.webp\" alt=\"Der Campingplatz von Concarneau am Meer und seine K&#xFC;ste\" class=\"wp-image-16937\" srcset=\"https:\/\/elaia-test.geek-tonic.dev\/wp-content\/uploads\/2025\/02\/le-camping-de-concarneau-en-bord-de-mer-et-sa-cote.webp 688w, https:\/\/elaia-test.geek-tonic.dev\/wp-content\/uploads\/2025\/02\/le-camping-de-concarneau-en-bord-de-mer-et-sa-cote-300x279.webp 300w\" sizes=\"auto, (max-width: 688px) 100vw, 688px\" \/><\/figure>\n<\/div>\n\n\n\n<div class=\"wp-block-column is-vertically-aligned-center is-layout-flow wp-block-column-is-layout-flow\" style=\"padding-right:2rem;padding-left:2rem;flex-basis:60%\">\n<div class=\"wp-block-group gt-no-padding-mobile is-layout-flow wp-block-group-is-layout-flow\" style=\"padding-right:15rem;padding-left:10rem\">\n<h2 class=\"wp-block-heading has-base-2-color has-text-color has-link-color wp-elements-548ccff48bf5cefb6b8d2766ad3c2e48\" style=\"margin-bottom:var(--wp--preset--spacing--30)\">Der Campingplatz in Concarneau <br\/><strong>am Meer und seiner K\u00fcste.<\/strong><\/h2>\n\n\n\n<p>Die <a href=\"https:\/\/elaia-test.geek-tonic.dev\/de\/tourismus-bretagne-sued\/\">bretonische K\u00fcste<\/a> ist bekannt f\u00fcr ihre abwechslungsreichen Landschaften. Ihr <strong><a href=\"https:\/\/elaia-test.geek-tonic.dev\/de\/\">Campingplatz Concarneau<\/a> bord de mer<\/strong> ist der ideale Ausgangspunkt, um sie zu erkunden. <\/p>\n\n\n\n<p>Bei einer <strong>Kajak-<\/strong> oder Paddle-Tour oder bei einer <strong>Bootsfahrt<\/strong> in der Bucht.<\/p>\n\n\n\n<p>F\u00fcr die Liebhaber des Festlandes verl\u00e4uft der <strong>K\u00fcstenpfad GR34<\/strong> entlang der gesamten <strong>bretonischen K\u00fcste<\/strong> und bietet <a href=\"https:\/\/elaia-test.geek-tonic.dev\/de\/willkommen-auf-dem-blog-von-le-cabellou-plage\/randonnee-concarneau\/\">sch\u00f6ne Spazierg\u00e4nge in Concarneau<\/a> und Le Cabellou.<\/p>\n\n\n\n<p>Unser Rezeptionsteam hilft Ihnen gerne bei der Planung Ihrer <a href=\"https:\/\/elaia-test.geek-tonic.dev\/de\/was-tun-concarneau\/\">Familienausfl\u00fcge<\/a>.<\/p>\n<\/div>\n<\/div>\n<\/div>\n<\/section>\n\n<section class=\"wp-block-group page-maillage has-custom-color-2-background-color has-background has-global-padding is-layout-constrained wp-block-group-is-layout-constrained\" style=\"margin-top:0;margin-bottom:0;padding-top:var(--wp--preset--spacing--40);padding-bottom:var(--wp--preset--spacing--40)\">\n<div class=\"wp-block-group h1-like is-layout-flow wp-block-group-is-layout-flow\" style=\"margin-bottom:var(--wp--preset--spacing--50)\">\n<p class=\"has-bodidota-font-family\" style=\"font-size:clamp(47.79px, 2.987rem + ((1vw - 3.2px) * 3.916), 94px);line-height:0.8\">Entdecken Sie<\/p>\n\n\n\n<p class=\"has-custom-color-3-color has-text-color has-link-color has-north-wave-font-family wp-elements-d15f657e6ea934fa36a6382e1d192e4c\" style=\"padding-left:var(--wp--preset--spacing--60);font-size:clamp(52.125px, 3.258rem + ((1vw - 3.2px) * 4.481), 105px);line-height:0.1\">die Bretagne<\/p>\n<\/div>\n\n\n\n<div class=\"wp-block-query is-layout-flow wp-block-query-is-layout-flow\"><ul class=\"columns-3 wp-block-post-template has-medium-font-size is-layout-grid wp-container-core-post-template-is-layout-572542b5 wp-block-post-template-is-layout-grid\"><li class=\"wp-block-post post-20878 page type-page status-publish has-post-thumbnail hentry\">\n\n<figure class=\"wp-block-image maillage-img\"><img decoding=\"async\" src=\"https:\/\/elaia-test.geek-tonic.dev\/wp-content\/uploads\/2025\/01\/camping-finistere-cabellou-plage-resort-5-etoiles-concarneau-cta.webp\" alt=\"campingplatz finistere cabellou plage resort 5 sterne concarneau\"\/><\/figure>\n\n\n\n<div class=\"wp-block-group content-maillage has-global-padding is-layout-constrained wp-block-group-is-layout-constrained\">\n<p class=\"maillage-title has-base-2-color has-text-color has-link-color has-josefin-sans-font-family wp-elements-939842b9118177581784f7034ceeec07\" style=\"border-style:none;border-width:0px;border-radius:0px;font-size:clamp(0.875rem, 0.875rem + ((1vw - 0.2rem) * 0.576), 1.3rem);letter-spacing:1px;text-transform:uppercase\">Campingplatz S\u00fcd Finistere<\/p>\n<\/div>\n\n\n<a class=\"is-style-lien-cover wp-block-read-more\" href=\"https:\/\/elaia-test.geek-tonic.dev\/de\/campingplatz-finistere\/\" target=\"_self\">Weiterlesen<span class=\"screen-reader-text\">: Campingplatz Finist\u00e8re<\/span><\/a>\n<\/li><li class=\"wp-block-post post-20854 page type-page status-publish has-post-thumbnail hentry\">\n\n<figure class=\"wp-block-image maillage-img\"><img decoding=\"async\" src=\"https:\/\/elaia-test.geek-tonic.dev\/wp-content\/uploads\/2025\/01\/camping-finistere-sud-cabellou-plage-resort-5-etoiles-concarneau-cta.webp\" alt=\"campingplatz sued finistere cabellou plage resort 5 sterne concarneau\"\/><\/figure>\n\n\n\n<div class=\"wp-block-group content-maillage has-global-padding is-layout-constrained wp-block-group-is-layout-constrained\">\n<p class=\"maillage-title has-base-2-color has-text-color has-link-color has-josefin-sans-font-family wp-elements-939842b9118177581784f7034ceeec07\" style=\"border-style:none;border-width:0px;border-radius:0px;font-size:clamp(0.875rem, 0.875rem + ((1vw - 0.2rem) * 0.576), 1.3rem);letter-spacing:1px;text-transform:uppercase\">Campingplatz S\u00fcd-Finist\u00e8re Cabellou Plage<\/p>\n<\/div>\n\n\n<a class=\"is-style-lien-cover wp-block-read-more\" href=\"https:\/\/elaia-test.geek-tonic.dev\/de\/campingplatz-sued-finistere-cabellou-plage\/\" target=\"_self\">Weiterlesen<span class=\"screen-reader-text\">: Campingplatz S\u00fcd-Finist\u00e8re Cabellou Plage<\/span><\/a>\n<\/li><li class=\"wp-block-post post-20842 page type-page status-publish has-post-thumbnail hentry\">\n\n<figure class=\"wp-block-image maillage-img\"><img decoding=\"async\" src=\"https:\/\/elaia-test.geek-tonic.dev\/wp-content\/uploads\/2025\/01\/visiter-notre-region-la-bretagne-cta.webp\" alt=\"Besuchen Sie unsere Region, die Bretagne\"\/><\/figure>\n\n\n\n<div class=\"wp-block-group content-maillage has-global-padding is-layout-constrained wp-block-group-is-layout-constrained\">\n<p class=\"maillage-title has-base-2-color has-text-color has-link-color has-josefin-sans-font-family wp-elements-939842b9118177581784f7034ceeec07\" style=\"border-style:none;border-width:0px;border-radius:0px;font-size:clamp(0.875rem, 0.875rem + ((1vw - 0.2rem) * 0.576), 1.3rem);letter-spacing:1px;text-transform:uppercase\">Besuchen Sie unsere Region<\/p>\n<\/div>\n\n\n<a class=\"is-style-lien-cover wp-block-read-more\" href=\"https:\/\/elaia-test.geek-tonic.dev\/de\/unsere-region-besuchen\/\" target=\"_self\">Weiterlesen<span class=\"screen-reader-text\">: Besuchen Sie unsere Region<\/span><\/a>\n<\/li><\/ul><\/div>\n<\/section>\n","protected":false},"excerpt":{"rendered":"<p>Campingplatz Concarneau am Meer Direkter Zugang zum Strand von Ihrem Campingplatz Concarneau am Meer Der Campingplatz Le Cabellou Plage ist ein Campingplatz in Concarneau direkt am Meer, ideal gelegen an der Pointe du Cabellou. Sie haben direkten Zugang zum Strand von La Belle \u00e9toile mit seinem kleinen Hafen und Blick auf die Ville Close von [&hellip;]<\/p>\n","protected":false},"author":1,"featured_media":16477,"parent":0,"menu_order":0,"comment_status":"closed","ping_status":"closed","template":"","meta":{"_acf_changed":false,"_seopress_robots_primary_cat":"","_seopress_titles_title":"5-Sterne-Campingplatz Concarneau am Meer Le Cabellou Plage","_seopress_titles_desc":"Entdecken Sie den Campingplatz in Concarneau am Meer: direkter Zugang zum Strand, Wassersport, herrliche Landschaften und Abenteuer im Herzen der Bretagne.","_seopress_robots_index":"","inline_featured_image":false,"gt_fse_maillage_image":"https:\/\/elaia-test.geek-tonic.dev\/wp-content\/uploads\/2025\/01\/camping-concarneau-bord-de-mer-cabellou-plage-resort-5-etoiles-cta.webp","gt_fse_maillage_titre":"Campingplatz Concarneau am Meer","gt_fse_maillage_alt":"campingplatz concarneau am meer cabellou plage resort 5 sterne","gt_fse_maillage_resume":"","footnotes":""},"categories":[],"tags":[],"class_list":["post-20874","page","type-page","status-publish","has-post-thumbnail","hentry"],"acf":[],"_links":{"self":[{"href":"https:\/\/elaia-test.geek-tonic.dev\/de\/wp-json\/wp\/v2\/pages\/20874","targetHints":{"allow":["GET"]}}],"collection":[{"href":"https:\/\/elaia-test.geek-tonic.dev\/de\/wp-json\/wp\/v2\/pages"}],"about":[{"href":"https:\/\/elaia-test.geek-tonic.dev\/de\/wp-json\/wp\/v2\/types\/page"}],"author":[{"embeddable":true,"href":"https:\/\/elaia-test.geek-tonic.dev\/de\/wp-json\/wp\/v2\/users\/1"}],"replies":[{"embeddable":true,"href":"https:\/\/elaia-test.geek-tonic.dev\/de\/wp-json\/wp\/v2\/comments?post=20874"}],"version-history":[{"count":5,"href":"https:\/\/elaia-test.geek-tonic.dev\/de\/wp-json\/wp\/v2\/pages\/20874\/revisions"}],"predecessor-version":[{"id":23157,"href":"https:\/\/elaia-test.geek-tonic.dev\/de\/wp-json\/wp\/v2\/pages\/20874\/revisions\/23157"}],"wp:featuredmedia":[{"embeddable":true,"href":"https:\/\/elaia-test.geek-tonic.dev\/de\/wp-json\/wp\/v2\/media\/16477"}],"wp:attachment":[{"href":"https:\/\/elaia-test.geek-tonic.dev\/de\/wp-json\/wp\/v2\/media?parent=20874"}],"wp:term":[{"taxonomy":"category","embeddable":true,"href":"https:\/\/elaia-test.geek-tonic.dev\/de\/wp-json\/wp\/v2\/categories?post=20874"},{"taxonomy":"post_tag","embeddable":true,"href":"https:\/\/elaia-test.geek-tonic.dev\/de\/wp-json\/wp\/v2\/tags?post=20874"}],"curies":[{"name":"wp","href":"https:\/\/api.w.org\/{rel}","templated":true}]}}