{"id":20930,"date":"2025-01-20T08:42:07","date_gmt":"2025-01-20T07:42:07","guid":{"rendered":"https:\/\/elaia-test.geek-tonic.dev\/camping-concarneau-cabellou\/"},"modified":"2025-03-07T13:31:46","modified_gmt":"2025-03-07T12:31:46","slug":"campingplatz-concarneau-cabellou","status":"publish","type":"page","link":"https:\/\/elaia-test.geek-tonic.dev\/de\/campingplatz-concarneau-cabellou\/","title":{"rendered":"Campingplatz Concarneau Cabellou"},"content":{"rendered":"\n<section class=\"wp-block-group home-intro page-one has-custom-color-2-background-color has-background is-layout-flow wp-block-group-is-layout-flow\" style=\"padding-top:var(--wp--preset--spacing--40);padding-bottom:var(--wp--preset--spacing--30)\">\n<div class=\"wp-block-columns is-layout-flex wp-container-core-columns-is-layout-b0eedf20 wp-block-columns-is-layout-flex\" style=\"margin-top:1rem;margin-bottom:0\">\n<div class=\"wp-block-column is-layout-flow wp-block-column-is-layout-flow\" style=\"padding-right:2rem;padding-left:2rem;flex-basis:60%\">\n<div class=\"wp-block-group gt-no-padding-mobile is-layout-flow wp-block-group-is-layout-flow\" style=\"padding-right:10rem;padding-left:15rem\">\n<h1 class=\"wp-block-heading\">Campingplatz <strong>Concarneau<\/strong><\/h1>\n\n\n\n<h2 class=\"wp-block-heading\" style=\"padding-top:var(--wp--preset--spacing--30);text-transform:uppercase\"><strong>Die Aktivit\u00e4ten<\/strong>, die von Ihrem<br\/>Campingplatz Concarneau angeboten werden<\/h2>\n\n\n\n<p>Le <strong><a href=\"https:\/\/elaia-test.geek-tonic.dev\/de\/concarneau-tourismus\/\">Campingplatz Concarneau<\/a><\/strong> du Cabellou Plage ist das Meer. Aber es gibt auch <a href=\"https:\/\/elaia-test.geek-tonic.dev\/de\/camping-animationen-bretagne\/\">Aktivit\u00e4ten f\u00fcr die ganze Familie<\/a>! Im Juli und August werden Sie w\u00e4hrend Ihres<strong> Aufenthalts auf dem Campingplatz Concarneau<\/strong> von Animateuren betreut. <strong>Der Kinderclub f\u00fcr Kinder ab 3 Jahren und der Jugendclub f\u00fcr Jugendliche von 10 bis 17 Jahren werden jeden Morgen von Sonntag bis Freitag angeboten<\/strong>. Unser Team bietet Ihnen den ganzen Tag \u00fcber verschiedene Aktivit\u00e4ten an.  <\/p>\n\n\n\n<p>Beginnen Sie mit einem Muskeltraining oder Wassergymnastik, danach k\u00f6nnen Sie eine Wanderung unternehmen oder eine Partie P\u00e9tanque spielen. Machen Sie eine kleine Pause und <strong>genie\u00dfen Sie den Strand Belle Etoile in Concarneau<\/strong>, der sich unterhalb des Campingplatzes befindet. Dann verabreden Sie sich zu einem Themenabend: Karaoke, Nachtschwimmen, Konzert, &#8230; <strong>Ein geselliger Moment am Rande des Pools<\/strong>.  <\/p>\n\n\n\n<h2 class=\"wp-block-heading\" style=\"padding-top:var(--wp--preset--spacing--30);text-transform:uppercase\"><strong>Dienstleistungen<\/strong><br\/>auf dem Campingplatz Concarneau<\/h2>\n\n\n    <div id=\"gt-fse-lire-plus-6a08be725b1e2\" class=\"gt-fse-lire-plus\" data-min-height=\"130\" style=\"background-color: #3a4156;\">\n        <input id=\"gt-fse-lire-plus-6a08be725b1e2-toggle\" type=\"checkbox\" class=\"gt-fse-lire-plus__toggle\" \/>\n        <label for=\"gt-fse-lire-plus-6a08be725b1e2-toggle\" class=\"gt-fse-lire-plus__toggle-label\">\n            <span>Lire plus<\/span>\n            <span>Lire moins<\/span>\n        <\/label>\n        <div class=\"gt-fse-lire-plus__content\" style=\"height: 130px;\">\n            \n\n<p>Der <strong>Wasserpark Blue Cara\u00efbes<\/strong> ist t\u00e4glich von 09:00 bis 20:00 Uhr ge\u00f6ffnet. <strong>Die Kinder k\u00f6nnen sich auf den Rutschen und dem Fluss mit Gegenstromanlage<\/strong> vergn\u00fcgen, w\u00e4hrend die <strong>Gr\u00f6\u00dferen den Whirlpool im Becken oder das Solarium genie\u00dfen k\u00f6nnen<\/strong>. F\u00fcr die Kleinsten gibt es ein <strong>gro\u00dfes beheiztes Planschbecken<\/strong> mit einer kleinen Rutsche. <\/p>\n\n\n\n<p><a href=\"https:\/\/elaia-test.geek-tonic.dev\/de\/bar-restaurant-imbiss-concarneau\/\">Das Restaurant und die Bar<\/a> servieren Ihnen jeden Tag mittags und abends <a href=\"https:\/\/elaia-test.geek-tonic.dev\/de\/campingplatz-wasserpark-bretagne\/\">am Pool<\/a>. Die Gelegenheit, ein Eis zu genie\u00dfen oder <strong>ein gutes Essen zu bestellen<\/strong>, das Sie mit Ihrer Familie vor Ort oder <a href=\"https:\/\/elaia-test.geek-tonic.dev\/de\/camping-am-meer-bretagne\/\">am Strand von Belle Etoile<\/a>, nur wenige Schritte vom <a href=\"https:\/\/elaia-test.geek-tonic.dev\/de\/\">Campingplatz Concarneau<\/a> entfernt, genie\u00dfen k\u00f6nnen. <\/p>\n\n            <div class=\"gt-fse-lire-plus__gradient\" style=\"background: linear-gradient(to bottom,rgba(58,65,86,0) 0%,rgba(58,65,86,1) 100%);\"><\/div>\n        <\/div>\n    <\/div>\n    <\/div>\n<\/div>\n\n\n\n<div class=\"wp-block-column animated fadeIn delay-100ms slow is-layout-flow wp-block-column-is-layout-flow\" style=\"padding-top:0em;flex-basis:40%\">\n<div data-swiper=\"{&quot;speed&quot;:400,&quot;spaceBetween&quot;:16,&quot;slidesPerView&quot;:1,&quot;createElements&quot;:true,&quot;loop&quot;:true,&quot;freemode&quot;:true,&quot;pagination&quot;:{&quot;el&quot;:&quot;.swiper-pagination&quot;,&quot;dynamicBullets&quot;:false},&quot;breakpoints&quot;:{&quot;0&quot;:{&quot;slidesPerView&quot;:1},&quot;380&quot;:[],&quot;1024&quot;:[]},&quot;navigation&quot;:false,&quot;effect&quot;:&quot;fade&quot;}\" class=\"wp-block-group gt-is-slider gt-is-slider-desktop has-global-padding is-layout-constrained wp-block-group-is-layout-constrained\">\n<figure class=\"wp-block-image size-full\"><img loading=\"lazy\" decoding=\"async\" width=\"686\" height=\"660\" src=\"https:\/\/elaia-test.geek-tonic.dev\/wp-content\/uploads\/2025\/01\/les-activites-proposees-par-votre-camping-concarneau.webp\" alt=\"die Aktivit&#xE4;ten auf Ihrem Campingplatz Concarneau\" class=\"wp-image-15368\" srcset=\"https:\/\/elaia-test.geek-tonic.dev\/wp-content\/uploads\/2025\/01\/les-activites-proposees-par-votre-camping-concarneau.webp 686w, https:\/\/elaia-test.geek-tonic.dev\/wp-content\/uploads\/2025\/01\/les-activites-proposees-par-votre-camping-concarneau-300x289.webp 300w\" sizes=\"auto, (max-width: 686px) 100vw, 686px\" \/><\/figure>\n\n\n\n<figure class=\"wp-block-image size-full\"><img loading=\"lazy\" decoding=\"async\" width=\"686\" height=\"660\" src=\"https:\/\/elaia-test.geek-tonic.dev\/wp-content\/uploads\/2025\/01\/profiter-de-la-plage-de-la-belle-etoile-de-concarneau-situee-en-bas-du-camping.webp\" alt=\"den Strand von La Belle Etoile de Concarneau nutzen, der sich unterhalb des Campingplatzes befindet.\" class=\"wp-image-15372\" srcset=\"https:\/\/elaia-test.geek-tonic.dev\/wp-content\/uploads\/2025\/01\/profiter-de-la-plage-de-la-belle-etoile-de-concarneau-situee-en-bas-du-camping.webp 686w, https:\/\/elaia-test.geek-tonic.dev\/wp-content\/uploads\/2025\/01\/profiter-de-la-plage-de-la-belle-etoile-de-concarneau-situee-en-bas-du-camping-300x289.webp 300w\" sizes=\"auto, (max-width: 686px) 100vw, 686px\" \/><\/figure>\n\n\n\n<figure class=\"wp-block-image size-full\"><img loading=\"lazy\" decoding=\"async\" width=\"686\" height=\"660\" src=\"https:\/\/elaia-test.geek-tonic.dev\/wp-content\/uploads\/2025\/01\/le-restaurant-et-le-bar-vous-servent-chaque-jour.webp\" alt=\"Das Restaurant und die Bar servieren Ihnen jeden Tag\" class=\"wp-image-15376\" srcset=\"https:\/\/elaia-test.geek-tonic.dev\/wp-content\/uploads\/2025\/01\/le-restaurant-et-le-bar-vous-servent-chaque-jour.webp 686w, https:\/\/elaia-test.geek-tonic.dev\/wp-content\/uploads\/2025\/01\/le-restaurant-et-le-bar-vous-servent-chaque-jour-300x289.webp 300w\" sizes=\"auto, (max-width: 686px) 100vw, 686px\" \/><\/figure>\n<\/div>\n<\/div>\n<\/div>\n<\/section>\n\n<section class=\"wp-block-group page-fourth has-custom-color-3-background-color has-background is-layout-flow wp-block-group-is-layout-flow\" style=\"margin-top:0;padding-top:var(--wp--preset--spacing--30);padding-bottom:3rem\">\n<div class=\"wp-block-columns is-layout-flex wp-container-core-columns-is-layout-24cc1406 wp-block-columns-is-layout-flex\" style=\"margin-bottom:0;padding-bottom:var(--wp--preset--spacing--30)\">\n<div class=\"wp-block-column is-layout-flow wp-block-column-is-layout-flow\" style=\"flex-basis:40%\">\n<figure class=\"wp-block-image size-full animated fadeIn delay-100ms slow\"><img loading=\"lazy\" decoding=\"async\" width=\"688\" height=\"639\" src=\"https:\/\/elaia-test.geek-tonic.dev\/wp-content\/uploads\/2025\/01\/les-plages-autour-du-camping-concarneau.webp\" alt=\"die Str&#xE4;nde rund um den Campingplatz concarneau\" class=\"wp-image-15380\" srcset=\"https:\/\/elaia-test.geek-tonic.dev\/wp-content\/uploads\/2025\/01\/les-plages-autour-du-camping-concarneau.webp 688w, https:\/\/elaia-test.geek-tonic.dev\/wp-content\/uploads\/2025\/01\/les-plages-autour-du-camping-concarneau-300x279.webp 300w\" sizes=\"auto, (max-width: 688px) 100vw, 688px\" \/><\/figure>\n<\/div>\n\n\n\n<div class=\"wp-block-column is-vertically-aligned-center is-layout-flow wp-block-column-is-layout-flow\" style=\"padding-right:2rem;padding-left:2rem;flex-basis:60%\">\n<div class=\"wp-block-group gt-no-padding-mobile is-layout-flow wp-block-group-is-layout-flow\" style=\"padding-right:15rem;padding-left:10rem\">\n<h2 class=\"wp-block-heading has-base-2-color has-text-color has-link-color wp-elements-66e3315875d6dbcab5a1db058f143f37\" style=\"margin-bottom:var(--wp--preset--spacing--30)\"><strong>Die Str\u00e4nde<\/strong><br\/>rund um den Campingplatz Concarneau<\/h2>\n\n\n\n<p>Concarneau und insbesondere <strong>Ihr Campingplatz an der Pointe du Cabellou<\/strong> sind von zahlreichen Str\u00e4nden umgeben. Sie werden sie auf Ihren Spazierg\u00e4ngen entdecken. <strong>Der Strand Belle Etoile, mit direktem Zugang von Ihrem Campingplatz Concarneau du Cabellou Plage<\/strong>, bietet Ihnen einen sch\u00f6nen Blick auf den kleinen Hafen und die <a href=\"https:\/\/elaia-test.geek-tonic.dev\/de\/willkommen-auf-dem-blog-von-le-cabellou-plage\/concarneau-de\/ville-close-de-concarneau\/\">ummauerte Stadt<\/a>. Entlang der K\u00fcste finden Sie den Strand Plage du Large und am Horizont sehen Sie vielleicht <strong>die Gl\u00e9nan-Inseln<\/strong>. Wenn Sie <strong>auf dem GR34 wandern<\/strong>, werden Sie eine zerkl\u00fcftete K\u00fcste mit kleinen Buchten und durchscheinendem Wasser entdecken.   <\/p>\n\n\n\n<p>Nach einer Stunde \u00dcberfahrt vom Hafen von <strong>Concarneau<\/strong> aus <strong>k\u00f6nnen Sie die paradiesischen Landschaften der Gl\u00e9nan-Inseln entdecken<\/strong>. Dieses Archipel mit seinen mediterranen Farben wird Sie begeistern.<strong> Nehmen Sie sich Zeit f\u00fcr einen Spaziergang auf der Insel Saint Nicolas<\/strong> und gehen Sie dann an Bord f\u00fcr eine kommentierte Bootstour durch den Archipel. An der Rezeption Ihres <strong>Campingplatzes Concarneau<\/strong> finden Sie alle Informationen, um einen Tag lang von diesem Tapetenwechsel zu profitieren.  <\/p>\n<\/div>\n<\/div>\n<\/div>\n\n\n\n<div class=\"wp-block-group has-global-padding is-layout-constrained wp-block-group-is-layout-constrained\" style=\"margin-top:var(--wp--preset--spacing--40)\">\n<iframe loading=\"lazy\" width=\"100%\" height=\"480\" src=\"https:\/\/www.youtube.com\/embed\/qNmW-PORuPA?si=XUP8EbM0exWgs426\" title=\"YouTube-Video-Player\" frameborder=\"0\" allow=\"accelerometer; autoplay; clipboard-write; encrypted-media; gyroscope; picture-in-picture; web-share\" referrerpolicy=\"strict-origin-when-cross-origin\" allowfullscreen=\"\"><\/iframe>\n<\/div>\n<\/section>\n\n<section class=\"wp-block-group page-maillage has-custom-color-2-background-color has-background has-global-padding is-layout-constrained wp-block-group-is-layout-constrained\" style=\"margin-top:0;margin-bottom:0;padding-top:var(--wp--preset--spacing--40);padding-bottom:var(--wp--preset--spacing--40)\">\n<div class=\"wp-block-group h1-like is-layout-flow wp-block-group-is-layout-flow\" style=\"margin-bottom:var(--wp--preset--spacing--50)\">\n<p class=\"has-bodidota-font-family\" style=\"font-size:clamp(47.79px, 2.987rem + ((1vw - 3.2px) * 3.916), 94px);line-height:0.8\">Entdecken Sie<\/p>\n\n\n\n<p class=\"has-custom-color-3-color has-text-color has-link-color has-north-wave-font-family wp-elements-d15f657e6ea934fa36a6382e1d192e4c\" style=\"padding-left:var(--wp--preset--spacing--60);font-size:clamp(52.125px, 3.258rem + ((1vw - 3.2px) * 4.481), 105px);line-height:0.1\">die Bretagne<\/p>\n<\/div>\n\n\n\n<div class=\"wp-block-query is-layout-flow wp-block-query-is-layout-flow\"><ul class=\"columns-3 wp-block-post-template has-medium-font-size is-layout-grid wp-container-core-post-template-is-layout-572542b5 wp-block-post-template-is-layout-grid\"><li class=\"wp-block-post post-20918 page type-page status-publish has-post-thumbnail hentry\">\n\n<figure class=\"wp-block-image maillage-img\"><img decoding=\"async\" src=\"https:\/\/elaia-test.geek-tonic.dev\/wp-content\/uploads\/2025\/01\/camping-fouesnant-cabellou-plage-resort-5-etoiles-cta.webp\" alt=\"campingplatz fouesnant cabellou plage resort 5 sterne\"\/><\/figure>\n\n\n\n<div class=\"wp-block-group content-maillage has-global-padding is-layout-constrained wp-block-group-is-layout-constrained\">\n<p class=\"maillage-title has-base-2-color has-text-color has-link-color has-josefin-sans-font-family wp-elements-939842b9118177581784f7034ceeec07\" style=\"border-style:none;border-width:0px;border-radius:0px;font-size:clamp(0.875rem, 0.875rem + ((1vw - 0.2rem) * 0.576), 1.3rem);letter-spacing:1px;text-transform:uppercase\">Campingplatz Fouesnant<\/p>\n<\/div>\n\n\n<a class=\"is-style-lien-cover wp-block-read-more\" href=\"https:\/\/elaia-test.geek-tonic.dev\/de\/campingplatz-fouesnant\/\" target=\"_self\">Weiterlesen<span class=\"screen-reader-text\">: Campingplatz Fouesnant<\/span><\/a>\n<\/li><li class=\"wp-block-post post-20821 page type-page status-publish has-post-thumbnail hentry\">\n\n<figure class=\"wp-block-image maillage-img\"><img decoding=\"async\" src=\"https:\/\/elaia-test.geek-tonic.dev\/wp-content\/uploads\/2025\/01\/camping-pointe-du-raz-cabellou-plage-resort-5-etoiles-cta.webp\" alt=\"campingplatz pointe du raz cabellou plage resort 5 sterne\"\/><\/figure>\n\n\n\n<div class=\"wp-block-group content-maillage has-global-padding is-layout-constrained wp-block-group-is-layout-constrained\">\n<p class=\"maillage-title has-base-2-color has-text-color has-link-color has-josefin-sans-font-family wp-elements-939842b9118177581784f7034ceeec07\" style=\"border-style:none;border-width:0px;border-radius:0px;font-size:clamp(0.875rem, 0.875rem + ((1vw - 0.2rem) * 0.576), 1.3rem);letter-spacing:1px;text-transform:uppercase\">Campingplatz Pointe du Raz<\/p>\n<\/div>\n\n\n<a class=\"is-style-lien-cover wp-block-read-more\" href=\"https:\/\/elaia-test.geek-tonic.dev\/de\/campingplatz-pointe-du-raz\/\" target=\"_self\">Weiterlesen<span class=\"screen-reader-text\">: Campingplatz Pointe du Raz<\/span><\/a>\n<\/li><li class=\"wp-block-post post-20925 page type-page status-publish has-post-thumbnail hentry\">\n\n<figure class=\"wp-block-image maillage-img\"><img decoding=\"async\" src=\"https:\/\/elaia-test.geek-tonic.dev\/wp-content\/uploads\/2025\/01\/les-marches-camping-cabellou-plage-resort-5-etoiles-concarneau-cta.webp\" alt=\"die m\u00e4rkte campingplatz cabellou plage resort 5 sterne concarneau\"\/><\/figure>\n\n\n\n<div class=\"wp-block-group content-maillage has-global-padding is-layout-constrained wp-block-group-is-layout-constrained\">\n<p class=\"maillage-title has-base-2-color has-text-color has-link-color has-josefin-sans-font-family wp-elements-939842b9118177581784f7034ceeec07\" style=\"border-style:none;border-width:0px;border-radius:0px;font-size:clamp(0.875rem, 0.875rem + ((1vw - 0.2rem) * 0.576), 1.3rem);letter-spacing:1px;text-transform:uppercase\">Die M\u00e4rkte<\/p>\n<\/div>\n\n\n<a class=\"is-style-lien-cover wp-block-read-more\" href=\"https:\/\/elaia-test.geek-tonic.dev\/de\/die-maerkte\/\" target=\"_self\">Weiterlesen<span class=\"screen-reader-text\">: Die M\u00e4rkte<\/span><\/a>\n<\/li><\/ul><\/div>\n<\/section>\n","protected":false},"excerpt":{"rendered":"<p>Campingplatz Concarneau Die Aktivit\u00e4ten, die von IhremCampingplatz Concarneau angeboten werden Le Campingplatz Concarneau du Cabellou Plage ist das Meer. Aber es gibt auch Aktivit\u00e4ten f\u00fcr die ganze Familie! Im Juli und August werden Sie w\u00e4hrend Ihres Aufenthalts auf dem Campingplatz Concarneau von Animateuren betreut. Der Kinderclub f\u00fcr Kinder ab 3 Jahren und der Jugendclub f\u00fcr [&hellip;]<\/p>\n","protected":false},"author":1,"featured_media":16486,"parent":0,"menu_order":0,"comment_status":"closed","ping_status":"closed","template":"","meta":{"_acf_changed":false,"_seopress_robots_primary_cat":"","_seopress_titles_title":"Campingplatz Concarneau - Camping Le Cabellou plage 5 Sterne Flower campings","_seopress_titles_desc":"Camping Concarneau: Genie\u00dfen Sie die wei\u00dfen Sandstr\u00e4nde (La belle Etoile, La Corniche, Les Sables Blancs,...), die diesen Ort zu einem au\u00dfergew\u00f6hnlichen Ort im s\u00fcdlichen Finist\u00e8re machen, und mieten Sie ein Mobilheim, stellen Sie Ihr Zelt auf oder kommen Sie mit dem Wohnmobil zum Campingplatz Le Cabellou Plage.","_seopress_robots_index":"","inline_featured_image":false,"gt_fse_maillage_image":"https:\/\/elaia-test.geek-tonic.dev\/wp-content\/uploads\/2025\/01\/camping-concarneau-cabellou-plage-resort-5-etoiles-cta.webp","gt_fse_maillage_titre":"Campingplatz Concarneau","gt_fse_maillage_alt":"campingplatz concarneau cabellou plage resort 5 sterne","gt_fse_maillage_resume":"","footnotes":""},"categories":[],"tags":[],"class_list":["post-20930","page","type-page","status-publish","has-post-thumbnail","hentry"],"acf":[],"_links":{"self":[{"href":"https:\/\/elaia-test.geek-tonic.dev\/de\/wp-json\/wp\/v2\/pages\/20930","targetHints":{"allow":["GET"]}}],"collection":[{"href":"https:\/\/elaia-test.geek-tonic.dev\/de\/wp-json\/wp\/v2\/pages"}],"about":[{"href":"https:\/\/elaia-test.geek-tonic.dev\/de\/wp-json\/wp\/v2\/types\/page"}],"author":[{"embeddable":true,"href":"https:\/\/elaia-test.geek-tonic.dev\/de\/wp-json\/wp\/v2\/users\/1"}],"replies":[{"embeddable":true,"href":"https:\/\/elaia-test.geek-tonic.dev\/de\/wp-json\/wp\/v2\/comments?post=20930"}],"version-history":[{"count":7,"href":"https:\/\/elaia-test.geek-tonic.dev\/de\/wp-json\/wp\/v2\/pages\/20930\/revisions"}],"predecessor-version":[{"id":23143,"href":"https:\/\/elaia-test.geek-tonic.dev\/de\/wp-json\/wp\/v2\/pages\/20930\/revisions\/23143"}],"wp:featuredmedia":[{"embeddable":true,"href":"https:\/\/elaia-test.geek-tonic.dev\/de\/wp-json\/wp\/v2\/media\/16486"}],"wp:attachment":[{"href":"https:\/\/elaia-test.geek-tonic.dev\/de\/wp-json\/wp\/v2\/media?parent=20930"}],"wp:term":[{"taxonomy":"category","embeddable":true,"href":"https:\/\/elaia-test.geek-tonic.dev\/de\/wp-json\/wp\/v2\/categories?post=20930"},{"taxonomy":"post_tag","embeddable":true,"href":"https:\/\/elaia-test.geek-tonic.dev\/de\/wp-json\/wp\/v2\/tags?post=20930"}],"curies":[{"name":"wp","href":"https:\/\/api.w.org\/{rel}","templated":true}]}}