{"id":20832,"date":"2025-01-20T10:07:16","date_gmt":"2025-01-20T09:07:16","guid":{"rendered":"https:\/\/elaia-test.geek-tonic.dev\/camping-bretagne-sud-chien\/"},"modified":"2025-03-07T13:42:40","modified_gmt":"2025-03-07T12:42:40","slug":"kampeerplaats-zuid-bretagne-hond","status":"publish","type":"page","link":"https:\/\/elaia-test.geek-tonic.dev\/nl\/kampeerplaats-zuid-bretagne-hond\/","title":{"rendered":"Kampeerplaats Zuid-Bretagne"},"content":{"rendered":"\n<section class=\"wp-block-group home-intro page-one has-custom-color-2-background-color has-background is-layout-flow wp-block-group-is-layout-flow\" style=\"padding-top:var(--wp--preset--spacing--40);padding-bottom:var(--wp--preset--spacing--30)\">\n<div class=\"wp-block-columns is-layout-flex wp-container-core-columns-is-layout-b0eedf20 wp-block-columns-is-layout-flex\" style=\"margin-top:1rem;margin-bottom:0\">\n<div class=\"wp-block-column is-layout-flow wp-block-column-is-layout-flow\" style=\"padding-right:2rem;padding-left:2rem;flex-basis:60%\">\n<div class=\"wp-block-group gt-no-padding-mobile is-layout-flow wp-block-group-is-layout-flow\" style=\"padding-right:10rem;padding-left:15rem\">\n<h1 class=\"wp-block-heading\"><strong>Kampeerplaats Zuid-Finist\u00e8re<\/strong><br\/>met uw hond<\/h1>\n\n\n\n<h2 class=\"wp-block-heading\" style=\"padding-top:var(--wp--preset--spacing--30);text-transform:uppercase\">Kamperen in Zuid-Finist\u00e8re <strong>met de hond<\/strong><\/h2>\n\n\n\n<p><strong>Je huisdieren zijn welkom op <a href=\"https:\/\/elaia-test.geek-tonic.dev\/nl\/toerisme-zuid-finistere\/\">camping Finist\u00e8re Sud<\/a> au Cabellou plage in Concarneau<\/strong>. Hier vind je alles wat je nodig hebt om van je vakantie te genieten met je trouwe metgezel! <\/p>\n\n\n\n<p>Er is een douche beschikbaar in het toiletgebouw om <strong>je hond af te spoelen<\/strong>, en er zijn zakjes beschikbaar bij de receptie om je hond in op te ruimen.<\/p>\n\n\n\n<p>Alleen honden van de eerste en tweede categorie zijn niet toegestaan.<\/p>\n\n\n\n<h2 class=\"wp-block-heading\" style=\"padding-top:var(--wp--preset--spacing--30);text-transform:uppercase\"><strong>Wat te doen op Kampeerplaats Zuid-Finist\u00e8re<\/strong><br\/>met uw hond<\/h2>\n\n\n\n<p>Laat het niet achter je wanneer je gaat wandelen. <strong>Het GR34<\/strong> kustpad rond <strong>de Pointe du Cabellou<\/strong> en je <a href=\"https:\/\/elaia-test.geek-tonic.dev\/nl\/\">camping in Concarneau<\/a> is een fantastisch speelterrein.<\/p>\n\n\n\n<p>Hoewel sommige stranden geen huisdieren toelaten,<strong>heeft de baai van Pouldohan verschillende inhammen met toegang tot de zee<\/strong>. Dit is de perfecte gelegenheid om een duik te nemen met je hond, in een prachtige omgeving. <\/p>\n<\/div>\n<\/div>\n\n\n\n<div class=\"wp-block-column animated fadeIn delay-100ms slow is-layout-flow wp-block-column-is-layout-flow\" style=\"padding-top:0em;flex-basis:40%\">\n<div data-swiper=\"{&quot;speed&quot;:400,&quot;spaceBetween&quot;:16,&quot;slidesPerView&quot;:1,&quot;createElements&quot;:true,&quot;loop&quot;:true,&quot;freemode&quot;:true,&quot;pagination&quot;:{&quot;el&quot;:&quot;.swiper-pagination&quot;,&quot;dynamicBullets&quot;:false},&quot;breakpoints&quot;:{&quot;0&quot;:{&quot;slidesPerView&quot;:1},&quot;380&quot;:[],&quot;1024&quot;:[]},&quot;navigation&quot;:false,&quot;effect&quot;:&quot;fade&quot;}\" class=\"wp-block-group gt-is-slider gt-is-slider-desktop has-global-padding is-layout-constrained wp-block-group-is-layout-constrained\">\n<figure class=\"wp-block-image size-full\"><img loading=\"lazy\" decoding=\"async\" width=\"686\" height=\"660\" src=\"https:\/\/elaia-test.geek-tonic.dev\/wp-content\/uploads\/2025\/02\/camping-finistere-sud-avec-son-chien.webp\" alt=\"kampeerplaats zuid finist&#xE8;re met uw hond\" class=\"wp-image-17173\" srcset=\"https:\/\/elaia-test.geek-tonic.dev\/wp-content\/uploads\/2025\/02\/camping-finistere-sud-avec-son-chien.webp 686w, https:\/\/elaia-test.geek-tonic.dev\/wp-content\/uploads\/2025\/02\/camping-finistere-sud-avec-son-chien-300x289.webp 300w\" sizes=\"auto, (max-width: 686px) 100vw, 686px\" \/><\/figure>\n\n\n\n<figure class=\"wp-block-image size-full\"><img loading=\"lazy\" decoding=\"async\" width=\"686\" height=\"660\" src=\"https:\/\/elaia-test.geek-tonic.dev\/wp-content\/uploads\/2025\/02\/partir-en-camping-finistere-sud-avec-son-chien.webp\" alt=\"kamperen in het zuiden van de finist&#xE8;re met uw hond\" class=\"wp-image-17177\" srcset=\"https:\/\/elaia-test.geek-tonic.dev\/wp-content\/uploads\/2025\/02\/partir-en-camping-finistere-sud-avec-son-chien.webp 686w, https:\/\/elaia-test.geek-tonic.dev\/wp-content\/uploads\/2025\/02\/partir-en-camping-finistere-sud-avec-son-chien-300x289.webp 300w\" sizes=\"auto, (max-width: 686px) 100vw, 686px\" \/><\/figure>\n\n\n\n<figure class=\"wp-block-image size-full\"><img loading=\"lazy\" decoding=\"async\" width=\"686\" height=\"660\" src=\"https:\/\/elaia-test.geek-tonic.dev\/wp-content\/uploads\/2025\/02\/que-faire-en-camping-finistere-sud-avec-son-chien.webp\" alt=\"wat te doen als u met uw hond gaat kamperen in het zuiden van de finist&#xE8;re\" class=\"wp-image-17181\" srcset=\"https:\/\/elaia-test.geek-tonic.dev\/wp-content\/uploads\/2025\/02\/que-faire-en-camping-finistere-sud-avec-son-chien.webp 686w, https:\/\/elaia-test.geek-tonic.dev\/wp-content\/uploads\/2025\/02\/que-faire-en-camping-finistere-sud-avec-son-chien-300x289.webp 300w\" sizes=\"auto, (max-width: 686px) 100vw, 686px\" \/><\/figure>\n<\/div>\n<\/div>\n<\/div>\n<\/section>\n\n<section class=\"wp-block-group page-fourth has-custom-color-3-background-color has-background is-layout-flow wp-block-group-is-layout-flow\" style=\"margin-top:0;padding-top:var(--wp--preset--spacing--30);padding-bottom:3rem\">\n<div class=\"wp-block-columns is-layout-flex wp-container-core-columns-is-layout-28f84493 wp-block-columns-is-layout-flex\">\n<div class=\"wp-block-column is-layout-flow wp-block-column-is-layout-flow\" style=\"flex-basis:40%\">\n<figure class=\"wp-block-image size-full animated fadeIn delay-100ms slow\"><img loading=\"lazy\" decoding=\"async\" width=\"688\" height=\"639\" src=\"https:\/\/elaia-test.geek-tonic.dev\/wp-content\/uploads\/2025\/02\/prendre-soin-de-lui-en-camping-finistere-sud-salon-de-toilettage.webp\" alt=\"hem verzorgen tijdens het kamperen zuid finistere grooming salon\" class=\"wp-image-17186\" srcset=\"https:\/\/elaia-test.geek-tonic.dev\/wp-content\/uploads\/2025\/02\/prendre-soin-de-lui-en-camping-finistere-sud-salon-de-toilettage.webp 688w, https:\/\/elaia-test.geek-tonic.dev\/wp-content\/uploads\/2025\/02\/prendre-soin-de-lui-en-camping-finistere-sud-salon-de-toilettage-300x279.webp 300w\" sizes=\"auto, (max-width: 688px) 100vw, 688px\" \/><\/figure>\n<\/div>\n\n\n\n<div class=\"wp-block-column is-vertically-aligned-center is-layout-flow wp-block-column-is-layout-flow\" style=\"padding-right:2rem;padding-left:2rem;flex-basis:60%\">\n<div class=\"wp-block-group gt-no-padding-mobile is-layout-flow wp-block-group-is-layout-flow\" style=\"padding-right:15rem;padding-left:10rem\">\n<h2 class=\"wp-block-heading has-base-2-color has-text-color has-link-color wp-elements-bbb8bc883c8a47ebaafb1758fd74a778\" style=\"margin-bottom:var(--wp--preset--spacing--30)\"><strong>Zorg goed voor jezelf<\/strong> <br\/>op een kampeerplaats in Zuid-Finist\u00e8re<\/h2>\n\n\n\n<p>Omdat <strong>je hond ook graag verwend wordt,<\/strong> zijn er verschillende trimsalons in <strong>Concarneau<\/strong> die zich op hem richten.<\/p>\n\n\n\n<p>Is de gezondheid van uw huisdier uw prioriteit? Er is een dierenartsenpraktijk op een steenworp afstand van <strong>je camping in South Finist\u00e8re<\/strong>, aan de Avenue du Cabellou. <\/p>\n\n\n\n<p>Voor zijn welzijn en dat van anderen <strong>wordt u gevraagd om een up-to-date vaccinatieboekje, inclusief rabi\u00ebs.<\/strong><\/p>\n<\/div>\n<\/div>\n<\/div>\n<\/section>\n\n<section class=\"wp-block-group page-maillage has-custom-color-2-background-color has-background has-global-padding is-layout-constrained wp-block-group-is-layout-constrained\" style=\"margin-top:0;margin-bottom:0;padding-top:var(--wp--preset--spacing--40);padding-bottom:var(--wp--preset--spacing--40)\">\n<div class=\"wp-block-group h1-like is-layout-flow wp-block-group-is-layout-flow\" style=\"margin-bottom:var(--wp--preset--spacing--50)\">\n<p class=\"has-bodidota-font-family\" style=\"font-size:clamp(47.79px, 2.987rem + ((1vw - 3.2px) * 3.916), 94px);line-height:0.8\">Kom en ontdek<\/p>\n\n\n\n<p class=\"has-custom-color-3-color has-text-color has-link-color has-north-wave-font-family wp-elements-2fcc302188d518d46870bd4ab61e2654\" style=\"padding-left:var(--wp--preset--spacing--60);font-size:clamp(52.125px, 3.258rem + ((1vw - 3.2px) * 4.481), 105px);line-height:0.1\">de bretagne<\/p>\n<\/div>\n\n\n\n<div class=\"wp-block-query is-layout-flow wp-block-query-is-layout-flow\"><ul class=\"columns-3 wp-block-post-template has-medium-font-size is-layout-grid wp-container-core-post-template-is-layout-572542b5 wp-block-post-template-is-layout-grid\"><li class=\"wp-block-post post-20855 page type-page status-publish has-post-thumbnail hentry\">\n\n<figure class=\"wp-block-image maillage-img\"><img decoding=\"async\" src=\"https:\/\/elaia-test.geek-tonic.dev\/wp-content\/uploads\/2025\/01\/camping-concarneau-tout-confort-resort-5-etoiles-le-cabellou-plage-cta.webp\" alt=\"kampeerplaats concarneau alle comfort resort 5 sterren le cabellou plage\"\/><\/figure>\n\n\n\n<div class=\"wp-block-group content-maillage has-global-padding is-layout-constrained wp-block-group-is-layout-constrained\">\n<p class=\"maillage-title has-base-2-color has-text-color has-link-color has-josefin-sans-font-family wp-elements-939842b9118177581784f7034ceeec07\" style=\"border-style:none;border-width:0px;border-radius:0px;font-size:clamp(0.875rem, 0.875rem + ((1vw - 0.2rem) * 0.576), 1.3rem);letter-spacing:1px;text-transform:uppercase\">Kampeerplaats Concarneau Alle comfort<\/p>\n<\/div>\n\n\n<a class=\"is-style-lien-cover wp-block-read-more\" href=\"https:\/\/elaia-test.geek-tonic.dev\/nl\/kampeerplaats-concarneau-alle-comfort\/\" target=\"_self\">Lees verder<span class=\"screen-reader-text\">: Kampeerplaats Concarneau Alle comfort<\/span><\/a>\n<\/li><li class=\"wp-block-post post-20843 page type-page status-publish has-post-thumbnail hentry\">\n\n<figure class=\"wp-block-image maillage-img\"><img decoding=\"async\" src=\"https:\/\/elaia-test.geek-tonic.dev\/wp-content\/uploads\/2025\/01\/camping-finistere-sud-cabellou-plage-resort-5-etoiles-concarneau-cta.webp\" alt=\"kampeerplaats zuid-finistere cabellou plage resort 5 sterren concarneau\"\/><\/figure>\n\n\n\n<div class=\"wp-block-group content-maillage has-global-padding is-layout-constrained wp-block-group-is-layout-constrained\">\n<p class=\"maillage-title has-base-2-color has-text-color has-link-color has-josefin-sans-font-family wp-elements-939842b9118177581784f7034ceeec07\" style=\"border-style:none;border-width:0px;border-radius:0px;font-size:clamp(0.875rem, 0.875rem + ((1vw - 0.2rem) * 0.576), 1.3rem);letter-spacing:1px;text-transform:uppercase\">Kampeerplaats Zuid-Finist\u00e8re Cabellou Plage<\/p>\n<\/div>\n\n\n<a class=\"is-style-lien-cover wp-block-read-more\" href=\"https:\/\/elaia-test.geek-tonic.dev\/nl\/kampeerplaats-zuid-finistere-cabellou-plage\/\" target=\"_self\">Lees verder<span class=\"screen-reader-text\">: Kampeerplaats Zuid-Finist\u00e8re Cabellou Plage<\/span><\/a>\n<\/li><li class=\"wp-block-post post-20839 page type-page status-publish has-post-thumbnail hentry\">\n\n<figure class=\"wp-block-image maillage-img\"><img decoding=\"async\" src=\"https:\/\/elaia-test.geek-tonic.dev\/wp-content\/uploads\/2025\/01\/camping-quimper-resort-5-etoiles-le-cabellou-plage-cta.webp\" alt=\"kampeerplaats quimper resort 5 sterren le cabellou plage\"\/><\/figure>\n\n\n\n<div class=\"wp-block-group content-maillage has-global-padding is-layout-constrained wp-block-group-is-layout-constrained\">\n<p class=\"maillage-title has-base-2-color has-text-color has-link-color has-josefin-sans-font-family wp-elements-939842b9118177581784f7034ceeec07\" style=\"border-style:none;border-width:0px;border-radius:0px;font-size:clamp(0.875rem, 0.875rem + ((1vw - 0.2rem) * 0.576), 1.3rem);letter-spacing:1px;text-transform:uppercase\">Kampeerplaats Quimper<\/p>\n<\/div>\n\n\n<a class=\"is-style-lien-cover wp-block-read-more\" href=\"https:\/\/elaia-test.geek-tonic.dev\/nl\/kampeerplaats-quimper\/\" target=\"_self\">Lees verder<span class=\"screen-reader-text\">: Kampeerplaats Quimper<\/span><\/a>\n<\/li><\/ul><\/div>\n<\/section>\n","protected":false},"excerpt":{"rendered":"<p>Kampeerplaats Zuid-Finist\u00e8remet uw hond Kamperen in Zuid-Finist\u00e8re met de hond Je huisdieren zijn welkom op camping Finist\u00e8re Sud au Cabellou plage in Concarneau. Hier vind je alles wat je nodig hebt om van je vakantie te genieten met je trouwe metgezel! Er is een douche beschikbaar in het toiletgebouw om je hond af te spoelen, [&hellip;]<\/p>\n","protected":false},"author":1,"featured_media":16466,"parent":0,"menu_order":0,"comment_status":"closed","ping_status":"closed","template":"","meta":{"_acf_changed":false,"_seopress_robots_primary_cat":"","_seopress_titles_title":"kampeerplaats Zuid-Bretagne met de hond Le Cabellou plage 5 \u00e9toiles \u00e0 Concarneau","_seopress_titles_desc":"Kamperen in Zuid-Bretagne met je hond. Het kan op 5-sterren Flower camping Le Cabellou Plage aan het strand van Belle Etoile in Concarneau.","_seopress_robots_index":"","inline_featured_image":false,"gt_fse_maillage_image":"https:\/\/elaia-test.geek-tonic.dev\/wp-content\/uploads\/2025\/01\/camping-bretagne-sud-chien-resort-5-etoiles-le-cabellou-plage-concarneau-cta.webp","gt_fse_maillage_titre":"Kampeerplaats Zuid-Bretagne","gt_fse_maillage_alt":"kampeerplaats zuid bretagne hond resort 5 sterren le cabellou plage concarneau","gt_fse_maillage_resume":"","footnotes":""},"categories":[],"tags":[],"class_list":["post-20832","page","type-page","status-publish","has-post-thumbnail","hentry"],"acf":[],"_links":{"self":[{"href":"https:\/\/elaia-test.geek-tonic.dev\/nl\/wp-json\/wp\/v2\/pages\/20832","targetHints":{"allow":["GET"]}}],"collection":[{"href":"https:\/\/elaia-test.geek-tonic.dev\/nl\/wp-json\/wp\/v2\/pages"}],"about":[{"href":"https:\/\/elaia-test.geek-tonic.dev\/nl\/wp-json\/wp\/v2\/types\/page"}],"author":[{"embeddable":true,"href":"https:\/\/elaia-test.geek-tonic.dev\/nl\/wp-json\/wp\/v2\/users\/1"}],"replies":[{"embeddable":true,"href":"https:\/\/elaia-test.geek-tonic.dev\/nl\/wp-json\/wp\/v2\/comments?post=20832"}],"version-history":[{"count":5,"href":"https:\/\/elaia-test.geek-tonic.dev\/nl\/wp-json\/wp\/v2\/pages\/20832\/revisions"}],"predecessor-version":[{"id":23161,"href":"https:\/\/elaia-test.geek-tonic.dev\/nl\/wp-json\/wp\/v2\/pages\/20832\/revisions\/23161"}],"wp:featuredmedia":[{"embeddable":true,"href":"https:\/\/elaia-test.geek-tonic.dev\/nl\/wp-json\/wp\/v2\/media\/16466"}],"wp:attachment":[{"href":"https:\/\/elaia-test.geek-tonic.dev\/nl\/wp-json\/wp\/v2\/media?parent=20832"}],"wp:term":[{"taxonomy":"category","embeddable":true,"href":"https:\/\/elaia-test.geek-tonic.dev\/nl\/wp-json\/wp\/v2\/categories?post=20832"},{"taxonomy":"post_tag","embeddable":true,"href":"https:\/\/elaia-test.geek-tonic.dev\/nl\/wp-json\/wp\/v2\/tags?post=20832"}],"curies":[{"name":"wp","href":"https:\/\/api.w.org\/{rel}","templated":true}]}}