{"id":20871,"date":"2025-01-20T10:01:45","date_gmt":"2025-01-20T09:01:45","guid":{"rendered":"https:\/\/elaia-test.geek-tonic.dev\/camping-finistere\/"},"modified":"2025-03-05T11:20:17","modified_gmt":"2025-03-05T10:20:17","slug":"kampeerplaats-finistere","status":"publish","type":"page","link":"https:\/\/elaia-test.geek-tonic.dev\/nl\/kampeerplaats-finistere\/","title":{"rendered":"Kampeerplaats Finist\u00e8re"},"content":{"rendered":"\n<section class=\"wp-block-group home-intro page-one has-custom-color-2-background-color has-background is-layout-flow wp-block-group-is-layout-flow\" style=\"padding-top:var(--wp--preset--spacing--40);padding-bottom:var(--wp--preset--spacing--30)\">\n<div class=\"wp-block-columns is-layout-flex wp-container-core-columns-is-layout-b0eedf20 wp-block-columns-is-layout-flex\" style=\"margin-top:1rem;margin-bottom:0\">\n<div class=\"wp-block-column is-layout-flow wp-block-column-is-layout-flow\" style=\"padding-right:2rem;padding-left:2rem;flex-basis:60%\">\n<div class=\"wp-block-group gt-no-padding-mobile is-layout-flow wp-block-group-is-layout-flow\" style=\"padding-right:10rem;padding-left:15rem\">\n<h1 class=\"wp-block-heading\">Kampeerplaats <strong>Finist\u00e8re<\/strong><\/h1>\n\n\n\n<h2 class=\"wp-block-heading\" style=\"padding-top:var(--wp--preset--spacing--30);text-transform:uppercase\">Kies uw <strong>kampeerplaats Finist\u00e8re<\/strong><\/h2>\n\n\n\n<p>Finist\u00e8re ligt in het <strong>westen van Bretagne<\/strong> en is bijna helemaal omgeven door de zee. Je vindt er tal van campings langs de kust. <\/p>\n\n\n\n<p>In <a href=\"https:\/\/elaia-test.geek-tonic.dev\/nl\/\">Concarneau<\/a>, in het <strong>zuiden van Finist\u00e8re<\/strong>, biedt camping Cabellou Plage <a href=\"https:\/\/elaia-test.geek-tonic.dev\/nl\/camping-aan-zee-bretagne\/\">directe toegang tot het strand Belle Etoile<\/a>.<\/p>\n\n\n\n<p>Je zult dol zijn op de gevarieerde kustlijn, die wordt onderbroken door <strong>lange stranden<\/strong> en <strong>kleine baaien<\/strong>.<\/p>\n\n\n\n<h2 class=\"wp-block-heading\" style=\"padding-top:var(--wp--preset--spacing--30);text-transform:uppercase\">Kampeerplaats <strong>accommodatie<\/strong> Finist\u00e8re<\/h2>\n\n\n\n<p>Ga <strong>kamperen in Finist\u00e8re<\/strong> met je tent, caravan of camper en installeer je op onze <a href=\"https:\/\/elaia-test.geek-tonic.dev\/nl\/huur-staanplaatsen-bretagne\/\">staanplaatsen<\/a> van ongeveer 100m\u00b2 met elektriciteit. Voor een <strong>comfortabel verblijf<\/strong> raden we onze <strong>stacaravans met 2 of 3 slaapkamers<\/strong> aan. <\/p>\n\n\n\n<p>Voor een verblijf met het hele gezin biedt onze <strong>premium accommodatie<\/strong> je een tweede badkamer met douche, een woonkamer met tv, een keuken met vaatwasser en een <strong>groot halfoverdekt terras<\/strong>.<\/p>\n<\/div>\n<\/div>\n\n\n\n<div class=\"wp-block-column animated fadeIn delay-100ms slow is-layout-flow wp-block-column-is-layout-flow\" style=\"padding-top:0em;flex-basis:40%\">\n<div data-swiper=\"{&quot;speed&quot;:400,&quot;spaceBetween&quot;:16,&quot;slidesPerView&quot;:1,&quot;createElements&quot;:true,&quot;loop&quot;:true,&quot;freemode&quot;:true,&quot;pagination&quot;:{&quot;el&quot;:&quot;.swiper-pagination&quot;,&quot;dynamicBullets&quot;:false},&quot;breakpoints&quot;:{&quot;0&quot;:{&quot;slidesPerView&quot;:1},&quot;380&quot;:[],&quot;1024&quot;:[]},&quot;navigation&quot;:false,&quot;effect&quot;:&quot;fade&quot;}\" class=\"wp-block-group gt-is-slider gt-is-slider-desktop has-global-padding is-layout-constrained wp-block-group-is-layout-constrained\">\n<figure class=\"wp-block-image size-full\"><img loading=\"lazy\" decoding=\"async\" width=\"686\" height=\"660\" src=\"https:\/\/elaia-test.geek-tonic.dev\/wp-content\/uploads\/2025\/02\/camping-finistere.webp\" alt=\"kampeerplaats finist&#xE8;re\" class=\"wp-image-16985\" srcset=\"https:\/\/elaia-test.geek-tonic.dev\/wp-content\/uploads\/2025\/02\/camping-finistere.webp 686w, https:\/\/elaia-test.geek-tonic.dev\/wp-content\/uploads\/2025\/02\/camping-finistere-300x289.webp 300w\" sizes=\"auto, (max-width: 686px) 100vw, 686px\" \/><\/figure>\n\n\n\n<figure class=\"wp-block-image size-full\"><img loading=\"lazy\" decoding=\"async\" width=\"686\" height=\"660\" src=\"https:\/\/elaia-test.geek-tonic.dev\/wp-content\/uploads\/2025\/02\/acces-direct-a-la-plage-de-la-belle-etoile.webp\" alt=\"directe toegang tot belle etoile strand\" class=\"wp-image-16990\" srcset=\"https:\/\/elaia-test.geek-tonic.dev\/wp-content\/uploads\/2025\/02\/acces-direct-a-la-plage-de-la-belle-etoile.webp 686w, https:\/\/elaia-test.geek-tonic.dev\/wp-content\/uploads\/2025\/02\/acces-direct-a-la-plage-de-la-belle-etoile-300x289.webp 300w\" sizes=\"auto, (max-width: 686px) 100vw, 686px\" \/><\/figure>\n\n\n\n<figure class=\"wp-block-image size-full\"><img loading=\"lazy\" decoding=\"async\" width=\"686\" height=\"660\" src=\"https:\/\/elaia-test.geek-tonic.dev\/wp-content\/uploads\/2025\/02\/hebergements-premium-cuisine-avec-lave-vaisselle.webp\" alt=\"keuken met vaatwasser\" class=\"wp-image-16994\" srcset=\"https:\/\/elaia-test.geek-tonic.dev\/wp-content\/uploads\/2025\/02\/hebergements-premium-cuisine-avec-lave-vaisselle.webp 686w, https:\/\/elaia-test.geek-tonic.dev\/wp-content\/uploads\/2025\/02\/hebergements-premium-cuisine-avec-lave-vaisselle-300x289.webp 300w\" sizes=\"auto, (max-width: 686px) 100vw, 686px\" \/><\/figure>\n<\/div>\n<\/div>\n<\/div>\n<\/section>\n\n<section class=\"wp-block-group page-fourth has-custom-color-3-background-color has-background is-layout-flow wp-block-group-is-layout-flow\" style=\"margin-top:0;padding-top:var(--wp--preset--spacing--30);padding-bottom:3rem\">\n<div class=\"wp-block-columns is-layout-flex wp-container-core-columns-is-layout-28f84493 wp-block-columns-is-layout-flex\">\n<div class=\"wp-block-column is-layout-flow wp-block-column-is-layout-flow\" style=\"flex-basis:40%\">\n<figure class=\"wp-block-image size-full animated fadeIn delay-100ms slow\"><img loading=\"lazy\" decoding=\"async\" width=\"688\" height=\"639\" src=\"https:\/\/elaia-test.geek-tonic.dev\/wp-content\/uploads\/2025\/02\/votre-camping-finistere-et-ses-alentours-iles-glenan.webp\" alt=\"uw kampeerplaats in en rond finistere isles glenan\" class=\"wp-image-16998\" srcset=\"https:\/\/elaia-test.geek-tonic.dev\/wp-content\/uploads\/2025\/02\/votre-camping-finistere-et-ses-alentours-iles-glenan.webp 688w, https:\/\/elaia-test.geek-tonic.dev\/wp-content\/uploads\/2025\/02\/votre-camping-finistere-et-ses-alentours-iles-glenan-300x279.webp 300w\" sizes=\"auto, (max-width: 688px) 100vw, 688px\" \/><\/figure>\n<\/div>\n\n\n\n<div class=\"wp-block-column is-vertically-aligned-center is-layout-flow wp-block-column-is-layout-flow\" style=\"padding-right:2rem;padding-left:2rem;flex-basis:60%\">\n<div class=\"wp-block-group gt-no-padding-mobile is-layout-flow wp-block-group-is-layout-flow\" style=\"padding-right:15rem;padding-left:10rem\">\n<h2 class=\"wp-block-heading has-base-2-color has-text-color has-link-color wp-elements-a5ba2a2816d9023dd16ba2a1e48ea028\" style=\"margin-bottom:var(--wp--preset--spacing--30)\">Uw kampeerplaats in Finist\u00e8re en <strong>omgeving<\/strong><\/h2>\n\n\n\n<p><strong>Camping du Cabellou Plage<\/strong> is ideaal gelegen voor een bezoek aan de regio <a href=\"https:\/\/elaia-test.geek-tonic.dev\/nl\/toerisme-zuid-finistere\/\">Zuid-Finist\u00e8re<\/a>. Een paar kilometer ten zuiden van <strong>Quimper<\/strong> ligt <a href=\"https:\/\/elaia-test.geek-tonic.dev\/nl\/concarneau-toerisme\/\">Concarneau<\/a>, dat je zal charmeren met zijn ommuurde stad en zijn corniche. <\/p>\n\n\n\n<p>Het is ook een bevoorrechte toegangspoort tot de <a href=\"https:\/\/elaia-test.geek-tonic.dev\/nl\/welkom-op-de-blog-van-cabellou-plage\/zuid-finistere\/archipel-des-glenan\/\">Gl\u00e9nan-eilanden<\/a>.<\/p>\n\n\n\n<p>Langs de kust ontdek je Fouesnant en de pointe de Beg meil, Port la F\u00f4ret en zijn haven die populair is bij grote zeilers, Penmarch met zijn vuurtoren die je kunt bezoeken, en Le Guilvinec en zijn <strong>vissershaven<\/strong> waar je elke dag de <strong>terugkeer van de boten<\/strong> kunt bewonderen.<\/p>\n<\/div>\n<\/div>\n<\/div>\n<\/section>\n\n<section class=\"wp-block-group page-maillage has-custom-color-2-background-color has-background has-global-padding is-layout-constrained wp-block-group-is-layout-constrained\" style=\"margin-top:0;margin-bottom:0;padding-top:var(--wp--preset--spacing--30);padding-bottom:var(--wp--preset--spacing--30)\">\n<div class=\"wp-block-group h1-like is-layout-flow wp-block-group-is-layout-flow\" style=\"margin-bottom:var(--wp--preset--spacing--50)\">\n<p class=\"has-bodidota-font-family\" style=\"font-size:clamp(47.79px, 2.987rem + ((1vw - 3.2px) * 3.916), 94px);line-height:0.8\">Kom en ontdek<\/p>\n\n\n\n<p class=\"has-custom-color-3-color has-text-color has-link-color has-north-wave-font-family wp-elements-321fc05ee8e0d8084a9691b778f25a9b\" style=\"padding-left:var(--wp--preset--spacing--60);font-size:clamp(52.125px, 3.258rem + ((1vw - 3.2px) * 4.481), 105px);line-height:0.1\">bretagne<\/p>\n<\/div>\n\n\n\n<div class=\"wp-block-query is-layout-flow wp-block-query-is-layout-flow\"><ul class=\"columns-3 wp-block-post-template has-medium-font-size is-layout-grid wp-container-core-post-template-is-layout-572542b5 wp-block-post-template-is-layout-grid\"><li class=\"wp-block-post post-20855 page type-page status-publish has-post-thumbnail hentry\">\n\n<figure class=\"wp-block-image maillage-img\"><img decoding=\"async\" src=\"https:\/\/elaia-test.geek-tonic.dev\/wp-content\/uploads\/2025\/01\/camping-concarneau-tout-confort-resort-5-etoiles-le-cabellou-plage-cta.webp\" alt=\"kampeerplaats concarneau alle comfort resort 5 sterren le cabellou plage\"\/><\/figure>\n\n\n\n<div class=\"wp-block-group content-maillage has-global-padding is-layout-constrained wp-block-group-is-layout-constrained\">\n<p class=\"maillage-title has-base-2-color has-text-color has-link-color has-josefin-sans-font-family wp-elements-939842b9118177581784f7034ceeec07\" style=\"border-style:none;border-width:0px;border-radius:0px;font-size:clamp(0.875rem, 0.875rem + ((1vw - 0.2rem) * 0.576), 1.3rem);letter-spacing:1px;text-transform:uppercase\">Kampeerplaats Concarneau Alle comfort<\/p>\n<\/div>\n\n\n<a class=\"is-style-lien-cover wp-block-read-more\" href=\"https:\/\/elaia-test.geek-tonic.dev\/nl\/kampeerplaats-concarneau-alle-comfort\/\" target=\"_self\">Lees verder<span class=\"screen-reader-text\">: Kampeerplaats Concarneau Alle comfort<\/span><\/a>\n<\/li><li class=\"wp-block-post post-20843 page type-page status-publish has-post-thumbnail hentry\">\n\n<figure class=\"wp-block-image maillage-img\"><img decoding=\"async\" src=\"https:\/\/elaia-test.geek-tonic.dev\/wp-content\/uploads\/2025\/01\/camping-finistere-sud-cabellou-plage-resort-5-etoiles-concarneau-cta.webp\" alt=\"kampeerplaats zuid-finistere cabellou plage resort 5 sterren concarneau\"\/><\/figure>\n\n\n\n<div class=\"wp-block-group content-maillage has-global-padding is-layout-constrained wp-block-group-is-layout-constrained\">\n<p class=\"maillage-title has-base-2-color has-text-color has-link-color has-josefin-sans-font-family wp-elements-939842b9118177581784f7034ceeec07\" style=\"border-style:none;border-width:0px;border-radius:0px;font-size:clamp(0.875rem, 0.875rem + ((1vw - 0.2rem) * 0.576), 1.3rem);letter-spacing:1px;text-transform:uppercase\">Kampeerplaats Zuid-Finist\u00e8re Cabellou Plage<\/p>\n<\/div>\n\n\n<a class=\"is-style-lien-cover wp-block-read-more\" href=\"https:\/\/elaia-test.geek-tonic.dev\/nl\/kampeerplaats-zuid-finistere-cabellou-plage\/\" target=\"_self\">Lees verder<span class=\"screen-reader-text\">: Kampeerplaats Zuid-Finist\u00e8re Cabellou Plage<\/span><\/a>\n<\/li><li class=\"wp-block-post post-20850 page type-page status-publish has-post-thumbnail hentry\">\n\n<figure class=\"wp-block-image maillage-img\"><img decoding=\"async\" src=\"https:\/\/elaia-test.geek-tonic.dev\/wp-content\/uploads\/2025\/01\/visiter-notre-region-la-bretagne-cta.webp\" alt=\"bezoek onze regio bretagne\"\/><\/figure>\n\n\n\n<div class=\"wp-block-group content-maillage has-global-padding is-layout-constrained wp-block-group-is-layout-constrained\">\n<p class=\"maillage-title has-base-2-color has-text-color has-link-color has-josefin-sans-font-family wp-elements-939842b9118177581784f7034ceeec07\" style=\"border-style:none;border-width:0px;border-radius:0px;font-size:clamp(0.875rem, 0.875rem + ((1vw - 0.2rem) * 0.576), 1.3rem);letter-spacing:1px;text-transform:uppercase\">Bezoek onze regio<\/p>\n<\/div>\n\n\n<a class=\"is-style-lien-cover wp-block-read-more\" href=\"https:\/\/elaia-test.geek-tonic.dev\/nl\/bezoek-de-regio\/\" target=\"_self\">Lees verder<span class=\"screen-reader-text\">: Bezoek onze regio<\/span><\/a>\n<\/li><\/ul><\/div>\n<\/section>\n","protected":false},"excerpt":{"rendered":"<p>Kampeerplaats Finist\u00e8re Kies uw kampeerplaats Finist\u00e8re Finist\u00e8re ligt in het westen van Bretagne en is bijna helemaal omgeven door de zee. Je vindt er tal van campings langs de kust. In Concarneau, in het zuiden van Finist\u00e8re, biedt camping Cabellou Plage directe toegang tot het strand Belle Etoile. Je zult dol zijn op de gevarieerde [&hellip;]<\/p>\n","protected":false},"author":1,"featured_media":16520,"parent":0,"menu_order":0,"comment_status":"closed","ping_status":"closed","template":"","meta":{"_acf_changed":false,"_seopress_robots_primary_cat":"","_seopress_titles_title":"Kampeerplaats zuid finist\u00e8re 5 sterren Le Cabellou plage","_seopress_titles_desc":"Ontdek onze camping in Finist\u00e8re met directe toegang tot het strand. Ruime staanplaatsen, comfortabele stacaravans, bezoek Concarneau en de Gl\u00e9nan-eilanden! ","_seopress_robots_index":"","inline_featured_image":false,"gt_fse_maillage_image":"https:\/\/elaia-test.geek-tonic.dev\/wp-content\/uploads\/2025\/01\/camping-finistere-cabellou-plage-resort-5-etoiles-concarneau-cta.webp","gt_fse_maillage_titre":"Kampeerplaats zuid finist\u00e8re","gt_fse_maillage_alt":"kampeerplaats finist\u00e8re cabellou plage resort 5 sterren concarneau","gt_fse_maillage_resume":"","footnotes":""},"categories":[],"tags":[],"class_list":["post-20871","page","type-page","status-publish","has-post-thumbnail","hentry"],"acf":[],"_links":{"self":[{"href":"https:\/\/elaia-test.geek-tonic.dev\/nl\/wp-json\/wp\/v2\/pages\/20871","targetHints":{"allow":["GET"]}}],"collection":[{"href":"https:\/\/elaia-test.geek-tonic.dev\/nl\/wp-json\/wp\/v2\/pages"}],"about":[{"href":"https:\/\/elaia-test.geek-tonic.dev\/nl\/wp-json\/wp\/v2\/types\/page"}],"author":[{"embeddable":true,"href":"https:\/\/elaia-test.geek-tonic.dev\/nl\/wp-json\/wp\/v2\/users\/1"}],"replies":[{"embeddable":true,"href":"https:\/\/elaia-test.geek-tonic.dev\/nl\/wp-json\/wp\/v2\/comments?post=20871"}],"version-history":[{"count":5,"href":"https:\/\/elaia-test.geek-tonic.dev\/nl\/wp-json\/wp\/v2\/pages\/20871\/revisions"}],"predecessor-version":[{"id":22403,"href":"https:\/\/elaia-test.geek-tonic.dev\/nl\/wp-json\/wp\/v2\/pages\/20871\/revisions\/22403"}],"wp:featuredmedia":[{"embeddable":true,"href":"https:\/\/elaia-test.geek-tonic.dev\/nl\/wp-json\/wp\/v2\/media\/16520"}],"wp:attachment":[{"href":"https:\/\/elaia-test.geek-tonic.dev\/nl\/wp-json\/wp\/v2\/media?parent=20871"}],"wp:term":[{"taxonomy":"category","embeddable":true,"href":"https:\/\/elaia-test.geek-tonic.dev\/nl\/wp-json\/wp\/v2\/categories?post=20871"},{"taxonomy":"post_tag","embeddable":true,"href":"https:\/\/elaia-test.geek-tonic.dev\/nl\/wp-json\/wp\/v2\/tags?post=20871"}],"curies":[{"name":"wp","href":"https:\/\/api.w.org\/{rel}","templated":true}]}}